{"id":172,"date":"2017-04-08T18:40:52","date_gmt":"2017-04-08T18:40:52","guid":{"rendered":"https:\/\/calcetinesmestizaje.com\/?page_id=172"},"modified":"2023-05-29T10:47:47","modified_gmt":"2023-05-29T08:47:47","slug":"nuestra-historia","status":"publish","type":"page","link":"https:\/\/calcetinesmestizaje.com\/fr\/notre-histoire\/","title":{"rendered":"Notre histoire"},"content":{"rendered":"<div data-elementor-type=\"wp-page\" data-elementor-id=\"172\" class=\"elementor elementor-172\" data-elementor-post-type=\"page\">\n\t\t\t\t\t\t<section class=\"elementor-section elementor-top-section elementor-element elementor-element-5eff2a23 elementor-section-full_width elementor-section-height-min-height elementor-section-stretched elementor-section-height-default elementor-section-items-middle\" data-id=\"5eff2a23\" data-element_type=\"section\" data-e-type=\"section\" data-settings=\"{&quot;background_background&quot;:&quot;classic&quot;,&quot;stretch_section&quot;:&quot;section-stretched&quot;}\">\n\t\t\t\t\t\t\t<div class=\"elementor-background-overlay\"><\/div>\n\t\t\t\t\t\t\t<div class=\"elementor-container elementor-column-gap-default\">\n\t\t\t\t\t<div class=\"elementor-column elementor-col-100 elementor-top-column elementor-element elementor-element-7a74b0fe\" data-id=\"7a74b0fe\" data-element_type=\"column\" data-e-type=\"column\">\n\t\t\t<div class=\"elementor-widget-wrap elementor-element-populated\">\n\t\t\t\t\t\t<div class=\"elementor-element elementor-element-a4bbdba elementor-widget elementor-widget-heading\" data-id=\"a4bbdba\" data-element_type=\"widget\" data-e-type=\"widget\" data-widget_type=\"heading.default\">\n\t\t\t\t<div class=\"elementor-widget-container\">\n\t\t\t\t\t<h1 class=\"elementor-heading-title elementor-size-default\">Notre histoire<\/h1>\t\t\t\t<\/div>\n\t\t\t\t<\/div>\n\t\t\t\t<div class=\"elementor-element elementor-element-65d8e19 elementor-widget elementor-widget-text-editor\" data-id=\"65d8e19\" data-element_type=\"widget\" data-e-type=\"widget\" data-widget_type=\"text-editor.default\">\n\t\t\t\t<div class=\"elementor-widget-container\">\n\t\t\t\t\t\t\t\t\t<p>Une id\u00e9e, un r\u00eave, une illusion et un objectif, c'est ainsi que Mestizaje a commenc\u00e9 son voyage en 1997.<\/p>\t\t\t\t\t\t\t\t<\/div>\n\t\t\t\t<\/div>\n\t\t\t\t<div class=\"elementor-element elementor-element-4f00c629 elementor-widget elementor-widget-text-editor\" data-id=\"4f00c629\" data-element_type=\"widget\" data-e-type=\"widget\" data-widget_type=\"text-editor.default\">\n\t\t\t\t<div class=\"elementor-widget-container\">\n\t\t\t\t\t\t\t\t\t\n<p><\/p>\n\n\n\n<p><\/p>\n\t\t\t\t\t\t\t\t<\/div>\n\t\t\t\t<\/div>\n\t\t\t\t\t<\/div>\n\t\t<\/div>\n\t\t\t\t\t<\/div>\n\t\t<\/section>\n\t\t\t\t<section class=\"elementor-section elementor-top-section elementor-element elementor-element-1f7405c elementor-reverse-mobile elementor-section-boxed elementor-section-height-default elementor-section-height-default\" data-id=\"1f7405c\" data-element_type=\"section\" data-e-type=\"section\">\n\t\t\t\t\t\t<div class=\"elementor-container elementor-column-gap-default\">\n\t\t\t\t\t<div class=\"elementor-column elementor-col-50 elementor-top-column elementor-element elementor-element-a120044\" data-id=\"a120044\" data-element_type=\"column\" data-e-type=\"column\">\n\t\t\t<div class=\"elementor-widget-wrap elementor-element-populated\">\n\t\t\t\t\t\t<div class=\"elementor-element elementor-element-3e17e7d elementor-widget elementor-widget-image\" data-id=\"3e17e7d\" data-element_type=\"widget\" data-e-type=\"widget\" data-widget_type=\"image.default\">\n\t\t\t\t<div class=\"elementor-widget-container\">\n\t\t\t\t\t\t\t\t\t\t\t\t\t\t\t<img fetchpriority=\"high\" decoding=\"async\" width=\"1024\" height=\"665\" src=\"https:\/\/calcetinesmestizaje.com\/wp-content\/uploads\/2017\/04\/pradoluengo-1024x665.jpg\" class=\"attachment-large size-large wp-image-173\" alt=\"\" srcset=\"https:\/\/calcetinesmestizaje.com\/wp-content\/uploads\/2017\/04\/pradoluengo-1024x665.jpg 1024w, https:\/\/calcetinesmestizaje.com\/wp-content\/uploads\/2017\/04\/pradoluengo-600x390.jpg 600w, https:\/\/calcetinesmestizaje.com\/wp-content\/uploads\/2017\/04\/pradoluengo-300x195.jpg 300w, https:\/\/calcetinesmestizaje.com\/wp-content\/uploads\/2017\/04\/pradoluengo-768x499.jpg 768w, https:\/\/calcetinesmestizaje.com\/wp-content\/uploads\/2017\/04\/pradoluengo.jpg 1266w\" sizes=\"(max-width: 1024px) 100vw, 1024px\" \/>\t\t\t\t\t\t\t\t\t\t\t\t\t\t\t<\/div>\n\t\t\t\t<\/div>\n\t\t\t\t\t<\/div>\n\t\t<\/div>\n\t\t\t\t<div class=\"elementor-column elementor-col-50 elementor-top-column elementor-element elementor-element-5dd19b6\" data-id=\"5dd19b6\" data-element_type=\"column\" data-e-type=\"column\">\n\t\t\t<div class=\"elementor-widget-wrap elementor-element-populated\">\n\t\t\t\t\t\t<div class=\"elementor-element elementor-element-bff118e elementor-widget elementor-widget-heading\" data-id=\"bff118e\" data-element_type=\"widget\" data-e-type=\"widget\" data-widget_type=\"heading.default\">\n\t\t\t\t<div class=\"elementor-widget-container\">\n\t\t\t\t\t<h2 class=\"elementor-heading-title elementor-size-default\">Une ville avec une longue tradition textile.<\/h2>\t\t\t\t<\/div>\n\t\t\t\t<\/div>\n\t\t\t\t<div class=\"elementor-element elementor-element-7717b37 elementor-widget elementor-widget-text-editor\" data-id=\"7717b37\" data-element_type=\"widget\" data-e-type=\"widget\" data-widget_type=\"text-editor.default\">\n\t\t\t\t<div class=\"elementor-widget-container\">\n\t\t\t\t\t\t\t\t\t<p class=\" translation-block\"><strong>Pradoluengo<\/strong> est une ville situ\u00e9e dans les contreforts de la Sierra de la Demanda. Il appartient au syst\u00e8me ib\u00e9rique, notre plus haut sommet est San Millan.<\/p>\n<p>Notre <strong>tradition textile<\/strong> remonte au XVe si\u00e8cle. \u00c0 cette \u00e9poque, la laine \u00e9tait le moteur d&#039;une entreprise florissante, gr\u00e2ce au d\u00e9bit faible mais constant de notre bien-aim\u00e9e rivi\u00e8re Oropesa, de petits moulins \u00e0 foulon ont \u00e9t\u00e9 cr\u00e9\u00e9s qui ont finalement abouti dans diff\u00e9rentes industries manufacturi\u00e8res.<\/p>\n<p>D\u00e9couvrez le riche h\u00e9ritage de cette ville de Burgos. Anticipez simplement que les draps, les toiles, la laine et les b\u00e9rets sont quelques-uns des articles qui, sans le savoir, ont pu avoir entre leurs mains \u00e0 une occasion.<\/p>\t\t\t\t\t\t\t\t<\/div>\n\t\t\t\t<\/div>\n\t\t\t\t\t<\/div>\n\t\t<\/div>\n\t\t\t\t\t<\/div>\n\t\t<\/section>\n\t\t\t\t<section class=\"elementor-section elementor-top-section elementor-element elementor-element-8e3df22 elementor-section-boxed elementor-section-height-default elementor-section-height-default\" data-id=\"8e3df22\" data-element_type=\"section\" data-e-type=\"section\">\n\t\t\t\t\t\t<div class=\"elementor-container elementor-column-gap-default\">\n\t\t\t\t\t<div class=\"elementor-column elementor-col-50 elementor-top-column elementor-element elementor-element-059c203\" data-id=\"059c203\" data-element_type=\"column\" data-e-type=\"column\">\n\t\t\t<div class=\"elementor-widget-wrap elementor-element-populated\">\n\t\t\t\t\t\t<div class=\"elementor-element elementor-element-83fa1e0 elementor-widget elementor-widget-heading\" data-id=\"83fa1e0\" data-element_type=\"widget\" data-e-type=\"widget\" data-widget_type=\"heading.default\">\n\t\t\t\t<div class=\"elementor-widget-container\">\n\t\t\t\t\t<h2 class=\"elementor-heading-title elementor-size-default\">Nos d\u00e9buts<\/h2>\t\t\t\t<\/div>\n\t\t\t\t<\/div>\n\t\t\t\t<div class=\"elementor-element elementor-element-2c505bd elementor-widget elementor-widget-text-editor\" data-id=\"2c505bd\" data-element_type=\"widget\" data-e-type=\"widget\" data-widget_type=\"text-editor.default\">\n\t\t\t\t<div class=\"elementor-widget-container\">\n\t\t\t\t\t\t\t\t\t<p class=\" translation-block\">Il a \u00e9t\u00e9 dit qu\u00b4on doit commencer \u00e0 s\u00b4 habiller \u00e0 partir des pieds et j\u2019ai toujours cru que ce moment viendrait plus t\u00f4t que tard. Une id\u00e9e, un r\u00eave, une illusion et un objectif, \u00a0<strong>c'est ainsi que <em>Mestizaje<\/em> a commenc\u00e9 son voyage en 1997.<\/strong><\/p>\n<p>Au d\u00e9but comme magasin d&#039;occasion. Apr\u00e8s la fermeture de l&#039;entreprise, j&#039;ai toujours aim\u00e9 le monde du tissu et de la mode, profitant de l&#039;exp\u00e9rience et du bon travail des ateliers qui ont su perdurer dans le temps.<\/p>\n<p>C&#039;est alors que j&#039;ai d\u00e9cid\u00e9 de lancer la production de chaussettes, en essayant de profiter des ressources qui m&#039;entouraient. Depuis le d\u00e9but, mon id\u00e9e a \u00e9t\u00e9 de faire ma propre collection. Avec les dessins qu&#039;il est capable de cr\u00e9er, et me laissant conseiller pour le bon travail et l&#039;exp\u00e9rience des ateliers traditionnels de notre ville.<\/p>\t\t\t\t\t\t\t\t<\/div>\n\t\t\t\t<\/div>\n\t\t\t\t\t<\/div>\n\t\t<\/div>\n\t\t\t\t<div class=\"elementor-column elementor-col-50 elementor-top-column elementor-element elementor-element-a0c4897\" data-id=\"a0c4897\" data-element_type=\"column\" data-e-type=\"column\">\n\t\t\t<div class=\"elementor-widget-wrap elementor-element-populated\">\n\t\t\t\t\t\t<div class=\"elementor-element elementor-element-84f4e73 elementor-widget elementor-widget-image\" data-id=\"84f4e73\" data-element_type=\"widget\" data-e-type=\"widget\" data-widget_type=\"image.default\">\n\t\t\t\t<div class=\"elementor-widget-container\">\n\t\t\t\t\t\t\t\t\t\t\t\t\t\t\t<img decoding=\"async\" width=\"1024\" height=\"683\" src=\"https:\/\/calcetinesmestizaje.com\/wp-content\/uploads\/2020\/09\/calcetines-mestizaje-nuestra-historia-02-1024x683.jpg\" class=\"attachment-large size-large wp-image-2403\" alt=\"\" srcset=\"https:\/\/calcetinesmestizaje.com\/wp-content\/uploads\/2020\/09\/calcetines-mestizaje-nuestra-historia-02-1024x683.jpg 1024w, https:\/\/calcetinesmestizaje.com\/wp-content\/uploads\/2020\/09\/calcetines-mestizaje-nuestra-historia-02-300x200.jpg 300w, https:\/\/calcetinesmestizaje.com\/wp-content\/uploads\/2020\/09\/calcetines-mestizaje-nuestra-historia-02-768x512.jpg 768w, https:\/\/calcetinesmestizaje.com\/wp-content\/uploads\/2020\/09\/calcetines-mestizaje-nuestra-historia-02-600x400.jpg 600w, https:\/\/calcetinesmestizaje.com\/wp-content\/uploads\/2020\/09\/calcetines-mestizaje-nuestra-historia-02-272x182.jpg 272w, https:\/\/calcetinesmestizaje.com\/wp-content\/uploads\/2020\/09\/calcetines-mestizaje-nuestra-historia-02.jpg 1224w\" sizes=\"(max-width: 1024px) 100vw, 1024px\" \/>\t\t\t\t\t\t\t\t\t\t\t\t\t\t\t<\/div>\n\t\t\t\t<\/div>\n\t\t\t\t\t<\/div>\n\t\t<\/div>\n\t\t\t\t\t<\/div>\n\t\t<\/section>\n\t\t\t\t<section class=\"elementor-section elementor-top-section elementor-element elementor-element-d0a1ac0 elementor-reverse-mobile elementor-section-boxed elementor-section-height-default elementor-section-height-default\" data-id=\"d0a1ac0\" data-element_type=\"section\" data-e-type=\"section\">\n\t\t\t\t\t\t<div class=\"elementor-container elementor-column-gap-default\">\n\t\t\t\t\t<div class=\"elementor-column elementor-col-50 elementor-top-column elementor-element elementor-element-0079aba\" data-id=\"0079aba\" data-element_type=\"column\" data-e-type=\"column\">\n\t\t\t<div class=\"elementor-widget-wrap elementor-element-populated\">\n\t\t\t\t\t\t<div class=\"elementor-element elementor-element-2a2e439 elementor-widget elementor-widget-image\" data-id=\"2a2e439\" data-element_type=\"widget\" data-e-type=\"widget\" data-widget_type=\"image.default\">\n\t\t\t\t<div class=\"elementor-widget-container\">\n\t\t\t\t\t\t\t\t\t\t\t\t\t\t\t<img decoding=\"async\" width=\"600\" height=\"400\" src=\"https:\/\/calcetinesmestizaje.com\/wp-content\/uploads\/2023\/05\/mestizaje_tienda_nueva.webp\" class=\"attachment-medium_large size-medium_large wp-image-6709\" alt=\"Magasin de chaussettes de m\u00e9tissage \u00e0 Pradoluengo\" srcset=\"https:\/\/calcetinesmestizaje.com\/wp-content\/uploads\/2023\/05\/mestizaje_tienda_nueva.webp 600w, https:\/\/calcetinesmestizaje.com\/wp-content\/uploads\/2023\/05\/mestizaje_tienda_nueva-300x200.webp 300w, https:\/\/calcetinesmestizaje.com\/wp-content\/uploads\/2023\/05\/mestizaje_tienda_nueva-18x12.webp 18w\" sizes=\"(max-width: 600px) 100vw, 600px\" \/>\t\t\t\t\t\t\t\t\t\t\t\t\t\t\t<\/div>\n\t\t\t\t<\/div>\n\t\t\t\t\t<\/div>\n\t\t<\/div>\n\t\t\t\t<div class=\"elementor-column elementor-col-50 elementor-top-column elementor-element elementor-element-04cd419\" data-id=\"04cd419\" data-element_type=\"column\" data-e-type=\"column\">\n\t\t\t<div class=\"elementor-widget-wrap elementor-element-populated\">\n\t\t\t\t\t\t<div class=\"elementor-element elementor-element-2c840d8 elementor-blockquote--skin-quotation elementor-widget elementor-widget-blockquote\" data-id=\"2c840d8\" data-element_type=\"widget\" data-e-type=\"widget\" data-widget_type=\"blockquote.default\">\n\t\t\t\t<div class=\"elementor-widget-container\">\n\t\t\t\t\t\t\t<blockquote class=\"elementor-blockquote\">\n\t\t\t<p class=\"elementor-blockquote__content\">\n\t\t\t\tUn de mes chevaux de Troie a toujours \u00e9t\u00e9 de fabriquer un produit de qualit\u00e9, confortable et durable dans le temps. Toutes mes chaussettes sont fabriqu\u00e9es dans des ateliers familiaux et avec une production limit\u00e9e. Quelqu&#039;un se consacre \u00e0 ce monde depuis plusieurs g\u00e9n\u00e9rations.\t\t\t<\/p>\n\t\t\t\t\t\t\t<div class=\"e-q-footer\">\n\t\t\t\t\t\t\t\t\t\t\t<cite class=\"elementor-blockquote__author\">Roberto Rivera (CEO Mestizaje)<\/cite>\n\t\t\t\t\t\t\t\t\t\t\t\t\t\t<\/div>\n\t\t\t\t\t<\/blockquote>\n\t\t\t\t\t\t<\/div>\n\t\t\t\t<\/div>\n\t\t\t\t\t<\/div>\n\t\t<\/div>\n\t\t\t\t\t<\/div>\n\t\t<\/section>\n\t\t\t\t<section class=\"elementor-section elementor-top-section elementor-element elementor-element-5422ab5 elementor-section-boxed elementor-section-height-default elementor-section-height-default\" data-id=\"5422ab5\" data-element_type=\"section\" data-e-type=\"section\">\n\t\t\t\t\t\t<div class=\"elementor-container elementor-column-gap-default\">\n\t\t\t\t\t<div class=\"elementor-column elementor-col-50 elementor-top-column elementor-element elementor-element-22bbecb\" data-id=\"22bbecb\" data-element_type=\"column\" data-e-type=\"column\">\n\t\t\t<div class=\"elementor-widget-wrap elementor-element-populated\">\n\t\t\t\t\t\t<div class=\"elementor-element elementor-element-e3f231e elementor-widget elementor-widget-text-editor\" data-id=\"e3f231e\" data-element_type=\"widget\" data-e-type=\"widget\" data-widget_type=\"text-editor.default\">\n\t\t\t\t<div class=\"elementor-widget-container\">\n\t\t\t\t\t\t\t\t\t<p class=\"p1\"><span class=\"s1\">Faire d&#039;une tradition centenaire un moyen de gagner sa vie, en profitant des ressources que j&#039;ai en ville, \u00e0 la porte de la maison, <strong>exp\u00e9rience et bon travail<\/strong> des ateliers textiles.<\/span><\/p>\n<p class=\"p1\"><span class=\"s1\">J&#039;\u00e9tais clair d\u00e8s le d\u00e9but que je voulais en avoir un <strong>propre marque avec identit\u00e9<\/strong> et avec une collection vari\u00e9e et pour tous les publics.\u00a0<\/span><span class=\"s1\">Il \u00e9tait clair pour moi que t\u00f4t ou tard les chaussettes seraient \u00e0 la mode et trouveraient leur juste place dans notre quotidien. Je me souviens des d\u00e9buts, quand les marques qui sont \u00e0 la mode aujourd&#039;hui n&#039;existaient pas, les d\u00e9buts ont \u00e9t\u00e9 difficiles et les faire croire en moi.\u00a0<\/span><span class=\"s1\">Je me souviens de ma premi\u00e8re collection avec cinq mod\u00e8les il y a un peu plus de vingt ans, quand ils occupaient un petit coin de table et poussaient \u00e0 \u00e9vincer les produits locaux et les importations, prenant la place qui leur revenait.<\/span><\/p>\n<p>La route a \u00e9t\u00e9 longue et difficile, d\u00e9veloppant mon travail tout au long de ces ann\u00e9es de nombreuses fa\u00e7ons, soit dans la rue, soit en visitant de petites entreprises dans les communaut\u00e9s que j&#039;ai \u00e0 proximit\u00e9, des foires, des march\u00e9s, etc. Me sp\u00e9cialiser uniquement dans les chaussettes m&#039;a aid\u00e9 \u00e0 avoir la collection, j&#039;ai concentr\u00e9 tout mon travail dessus et<span class=\"Apple-converted-space\">\u00a0<\/span>J&#039;ai donn\u00e9 la priorit\u00e9 \u00e0 sa r\u00e9alisation au b\u00e9n\u00e9fice \u00e9conomique, en essayant de la rendre<span class=\"Apple-converted-space\">\u00a0\u00a0<\/span>le mieux possible pour qu&#039;il ait une continuit\u00e9 et puisse avancer.<\/p>\t\t\t\t\t\t\t\t<\/div>\n\t\t\t\t<\/div>\n\t\t\t\t\t<\/div>\n\t\t<\/div>\n\t\t\t\t<div class=\"elementor-column elementor-col-50 elementor-top-column elementor-element elementor-element-f6935d9\" data-id=\"f6935d9\" data-element_type=\"column\" data-e-type=\"column\">\n\t\t\t<div class=\"elementor-widget-wrap elementor-element-populated\">\n\t\t\t\t\t\t<div class=\"elementor-element elementor-element-3200862 elementor-widget elementor-widget-image\" data-id=\"3200862\" data-element_type=\"widget\" data-e-type=\"widget\" data-widget_type=\"image.default\">\n\t\t\t\t<div class=\"elementor-widget-container\">\n\t\t\t\t\t\t\t\t\t\t\t\t\t\t\t<img loading=\"lazy\" decoding=\"async\" width=\"600\" height=\"400\" src=\"https:\/\/calcetinesmestizaje.com\/wp-content\/uploads\/2023\/05\/pared_calcetines.webp\" class=\"attachment-large size-large wp-image-6713\" alt=\"\" srcset=\"https:\/\/calcetinesmestizaje.com\/wp-content\/uploads\/2023\/05\/pared_calcetines.webp 600w, https:\/\/calcetinesmestizaje.com\/wp-content\/uploads\/2023\/05\/pared_calcetines-300x200.webp 300w, https:\/\/calcetinesmestizaje.com\/wp-content\/uploads\/2023\/05\/pared_calcetines-18x12.webp 18w\" sizes=\"(max-width: 600px) 100vw, 600px\" \/>\t\t\t\t\t\t\t\t\t\t\t\t\t\t\t<\/div>\n\t\t\t\t<\/div>\n\t\t\t\t\t<\/div>\n\t\t<\/div>\n\t\t\t\t\t<\/div>\n\t\t<\/section>\n\t\t\t\t<section class=\"elementor-section elementor-top-section elementor-element elementor-element-0877098 elementor-reverse-mobile elementor-section-boxed elementor-section-height-default elementor-section-height-default\" data-id=\"0877098\" data-element_type=\"section\" data-e-type=\"section\">\n\t\t\t\t\t\t<div class=\"elementor-container elementor-column-gap-default\">\n\t\t\t\t\t<div class=\"elementor-column elementor-col-50 elementor-top-column elementor-element elementor-element-3f33278\" data-id=\"3f33278\" data-element_type=\"column\" data-e-type=\"column\">\n\t\t\t<div class=\"elementor-widget-wrap elementor-element-populated\">\n\t\t\t\t\t\t<div class=\"elementor-element elementor-element-ef92888 elementor-widget elementor-widget-image\" data-id=\"ef92888\" data-element_type=\"widget\" data-e-type=\"widget\" data-widget_type=\"image.default\">\n\t\t\t\t<div class=\"elementor-widget-container\">\n\t\t\t\t\t\t\t\t\t\t\t\t\t\t\t<img loading=\"lazy\" decoding=\"async\" width=\"1024\" height=\"682\" src=\"https:\/\/calcetinesmestizaje.com\/wp-content\/uploads\/2017\/04\/feet-1567104_1920-1024x682.jpg\" class=\"attachment-large size-large wp-image-177\" alt=\"\" srcset=\"https:\/\/calcetinesmestizaje.com\/wp-content\/uploads\/2017\/04\/feet-1567104_1920-1024x682.jpg 1024w, https:\/\/calcetinesmestizaje.com\/wp-content\/uploads\/2017\/04\/feet-1567104_1920-600x400.jpg 600w, https:\/\/calcetinesmestizaje.com\/wp-content\/uploads\/2017\/04\/feet-1567104_1920-300x200.jpg 300w, https:\/\/calcetinesmestizaje.com\/wp-content\/uploads\/2017\/04\/feet-1567104_1920-768x512.jpg 768w, https:\/\/calcetinesmestizaje.com\/wp-content\/uploads\/2017\/04\/feet-1567104_1920-272x182.jpg 272w, https:\/\/calcetinesmestizaje.com\/wp-content\/uploads\/2017\/04\/feet-1567104_1920.jpg 1920w\" sizes=\"(max-width: 1024px) 100vw, 1024px\" \/>\t\t\t\t\t\t\t\t\t\t\t\t\t\t\t<\/div>\n\t\t\t\t<\/div>\n\t\t\t\t\t<\/div>\n\t\t<\/div>\n\t\t\t\t<div class=\"elementor-column elementor-col-50 elementor-top-column elementor-element elementor-element-ec9ee39\" data-id=\"ec9ee39\" data-element_type=\"column\" data-e-type=\"column\">\n\t\t\t<div class=\"elementor-widget-wrap elementor-element-populated\">\n\t\t\t\t\t\t<div class=\"elementor-element elementor-element-b5e312d elementor-widget elementor-widget-heading\" data-id=\"b5e312d\" data-element_type=\"widget\" data-e-type=\"widget\" data-widget_type=\"heading.default\">\n\t\t\t\t<div class=\"elementor-widget-container\">\n\t\t\t\t\t<h2 class=\"elementor-heading-title elementor-size-default\">Mestizaje est pour tout le monde.<\/h2>\t\t\t\t<\/div>\n\t\t\t\t<\/div>\n\t\t\t\t<div class=\"elementor-element elementor-element-8ecede0 elementor-widget elementor-widget-text-editor\" data-id=\"8ecede0\" data-element_type=\"widget\" data-e-type=\"widget\" data-widget_type=\"text-editor.default\">\n\t\t\t\t<div class=\"elementor-widget-container\">\n\t\t\t\t\t\t\t\t\t<p class=\"p1\"><span class=\"s1\"><em>Mestizaje<\/em>\u00a0il est n\u00e9 dans la rue et pour la rue et, comme le dit la chanson de Hechos contra el Decoro, d&#039;o\u00f9 vient le nom &quot;Mestizaje&quot;<em>:<\/em>\u00a0m\u00e9tissage pour tous.\u00a0<\/span><span class=\"s1\">Il y a des graines qui ont besoin de feu, il y a des graines qui doivent \u00eatre aval\u00e9es, des graines qui doivent \u00eatre expuls\u00e9es comme des d\u00e9chets, qui doivent \u00eatre \u00e9cras\u00e9es pour germer.\u00a0<\/span><span class=\"s1\">Les choses peuvent voyager n&#039;importe o\u00f9, pour cela il n&#039;y a plus besoin de rester immobile.\u00a0<\/span><span class=\"s1\">J&#039;ai besoin de toi et de toi pour exister et, comme je le dis toujours, quand je suis \u00e0 ma place et que j&#039;en ai l&#039;opportunit\u00e9, <strong>Le meilleur de Mestizaje a toujours \u00e9t\u00e9 la client\u00e8le<\/strong>.\u00a0<\/span><span class=\"s1\">Nous vous encourageons \u00e9galement \u00e0 suivre votre r\u00eave, car avec le travail, l&#039;amour et l&#039;illusion, il peut devenir r\u00e9alit\u00e9 et<span class=\"Apple-converted-space\">\u00a0\u00a0<\/span>la route elle-m\u00eame est d\u00e9j\u00e0 le meilleur cadeau.<\/span><\/p>\n<p class=\"p1\"><span class=\"s1\">Enfin, je voudrais remercier toutes les personnes qui, d&#039;une mani\u00e8re ou d&#039;une autre, m&#039;accompagnent sur ce chemin, dans ce r\u00eave...\u00a0<\/span><span class=\"s1\">Je suis heureux d&#039;\u00eatre un maillon de plus dans cette tradition et de faire ma part pour que le rouet continue de tourner.<\/span><\/p>\t\t\t\t\t\t\t\t<\/div>\n\t\t\t\t<\/div>\n\t\t\t\t\t<\/div>\n\t\t<\/div>\n\t\t\t\t\t<\/div>\n\t\t<\/section>\n\t\t\t\t<\/div>","protected":false},"excerpt":{"rendered":"<p>Nuestra historia Una idea, un sue\u00f1o, una ilusi\u00f3n y una meta, as\u00ed comienza su andadura Mestizaje en 1997. Un pueblo de larga tradici\u00f3n textil. Pradoluengo es un pueblo situado en las estribaciones de la Sierra de la Demanda. Pertenece al sistema ib\u00e9rico, nuestro pico m\u00e1s alto es el San Millan. Nuestra tradici\u00f3n textil se remonta [&hellip;]<\/p>","protected":false},"author":1,"featured_media":2401,"parent":0,"menu_order":0,"comment_status":"closed","ping_status":"closed","template":"","meta":{"site-sidebar-layout":"default","site-content-layout":"","ast-site-content-layout":"default","site-content-style":"default","site-sidebar-style":"default","ast-global-header-display":"","ast-banner-title-visibility":"","ast-main-header-display":"","ast-hfb-above-header-display":"","ast-hfb-below-header-display":"","ast-hfb-mobile-header-display":"","site-post-title":"","ast-breadcrumbs-content":"","ast-featured-img":"disabled","footer-sml-layout":"","ast-disable-related-posts":"","theme-transparent-header-meta":"","adv-header-id-meta":"","stick-header-meta":"","header-above-stick-meta":"","header-main-stick-meta":"","header-below-stick-meta":"","astra-migrate-meta-layouts":"default","ast-page-background-enabled":"default","ast-page-background-meta":{"desktop":{"background-color":"var(--ast-global-color-4)","background-image":"","background-repeat":"repeat","background-position":"center center","background-size":"auto","background-attachment":"scroll","background-type":"","background-media":"","overlay-type":"","overlay-color":"","overlay-opacity":"","overlay-gradient":""},"tablet":{"background-color":"","background-image":"","background-repeat":"repeat","background-position":"center center","background-size":"auto","background-attachment":"scroll","background-type":"","background-media":"","overlay-type":"","overlay-color":"","overlay-opacity":"","overlay-gradient":""},"mobile":{"background-color":"","background-image":"","background-repeat":"repeat","background-position":"center center","background-size":"auto","background-attachment":"scroll","background-type":"","background-media":"","overlay-type":"","overlay-color":"","overlay-opacity":"","overlay-gradient":""}},"ast-content-background-meta":{"desktop":{"background-color":"var(--ast-global-color-5)","background-image":"","background-repeat":"repeat","background-position":"center center","background-size":"auto","background-attachment":"scroll","background-type":"","background-media":"","overlay-type":"","overlay-color":"","overlay-opacity":"","overlay-gradient":""},"tablet":{"background-color":"var(--ast-global-color-5)","background-image":"","background-repeat":"repeat","background-position":"center center","background-size":"auto","background-attachment":"scroll","background-type":"","background-media":"","overlay-type":"","overlay-color":"","overlay-opacity":"","overlay-gradient":""},"mobile":{"background-color":"var(--ast-global-color-5)","background-image":"","background-repeat":"repeat","background-position":"center center","background-size":"auto","background-attachment":"scroll","background-type":"","background-media":"","overlay-type":"","overlay-color":"","overlay-opacity":"","overlay-gradient":""}},"footnotes":""},"class_list":["post-172","page","type-page","status-publish","has-post-thumbnail","hentry"],"_links":{"self":[{"href":"https:\/\/calcetinesmestizaje.com\/fr\/wp-json\/wp\/v2\/pages\/172","targetHints":{"allow":["GET"]}}],"collection":[{"href":"https:\/\/calcetinesmestizaje.com\/fr\/wp-json\/wp\/v2\/pages"}],"about":[{"href":"https:\/\/calcetinesmestizaje.com\/fr\/wp-json\/wp\/v2\/types\/page"}],"author":[{"embeddable":true,"href":"https:\/\/calcetinesmestizaje.com\/fr\/wp-json\/wp\/v2\/users\/1"}],"replies":[{"embeddable":true,"href":"https:\/\/calcetinesmestizaje.com\/fr\/wp-json\/wp\/v2\/comments?post=172"}],"version-history":[{"count":72,"href":"https:\/\/calcetinesmestizaje.com\/fr\/wp-json\/wp\/v2\/pages\/172\/revisions"}],"predecessor-version":[{"id":6716,"href":"https:\/\/calcetinesmestizaje.com\/fr\/wp-json\/wp\/v2\/pages\/172\/revisions\/6716"}],"wp:featuredmedia":[{"embeddable":true,"href":"https:\/\/calcetinesmestizaje.com\/fr\/wp-json\/wp\/v2\/media\/2401"}],"wp:attachment":[{"href":"https:\/\/calcetinesmestizaje.com\/fr\/wp-json\/wp\/v2\/media?parent=172"}],"curies":[{"name":"wp","href":"https:\/\/api.w.org\/{rel}","templated":true}]}}