{"id":2730,"date":"2020-09-09T13:02:06","date_gmt":"2020-09-09T11:02:06","guid":{"rendered":"https:\/\/calcetinesmestizaje.com\/?post_type=product&#038;p=2730"},"modified":"2026-04-15T11:19:33","modified_gmt":"2026-04-15T09:19:33","slug":"raya-marinera-fina-verde","status":"publish","type":"product","link":"https:\/\/calcetinesmestizaje.com\/fr\/calcetines\/fine-vert-rayure-marin\/","title":{"rendered":"Fines Rayures Marin Violet-Rouge"},"content":{"rendered":"","protected":false},"excerpt":{"rendered":"<p>Chaussettes \u00e0 rayures bleu marine combin\u00e9es en diff\u00e9rentes couleurs, une pour chaque jour de la semaine.<\/p>\n<hr \/>\n<p><strong>Caract\u00e9ristiques<\/strong><\/p>\n<p>Chaussette en coton peign\u00e9, sans \u00e9lastiques aux poignets pour plus de confort lors de son utilisation, elle ne laisse pas de trace, et elle vous surprendra lorsque vous l&#039;enl\u00e8verez.<\/p>\n<p>La composition des chaussettes est d&#039;un<strong> 78% de algod\u00f3n org\u00e1nico, 16% de poliamida y 6% de elast\u00f3mero<\/strong>pour qu&#039;ils s&#039;adaptent bien.<\/p>","protected":false},"featured_media":1810,"template":"","meta":{"site-sidebar-layout":"default","site-content-layout":"","ast-site-content-layout":"default","site-content-style":"default","site-sidebar-style":"default","ast-global-header-display":"","ast-banner-title-visibility":"","ast-main-header-display":"","ast-hfb-above-header-display":"","ast-hfb-below-header-display":"","ast-hfb-mobile-header-display":"","site-post-title":"","ast-breadcrumbs-content":"","ast-featured-img":"","footer-sml-layout":"","ast-disable-related-posts":"","theme-transparent-header-meta":"default","adv-header-id-meta":"","stick-header-meta":"","header-above-stick-meta":"","header-main-stick-meta":"","header-below-stick-meta":"","astra-migrate-meta-layouts":"set","ast-page-background-enabled":"default","ast-page-background-meta":{"desktop":{"background-color":"var(--ast-global-color-4)","background-image":"","background-repeat":"repeat","background-position":"center center","background-size":"auto","background-attachment":"scroll","background-type":"","background-media":"","overlay-type":"","overlay-color":"","overlay-opacity":"","overlay-gradient":""},"tablet":{"background-color":"","background-image":"","background-repeat":"repeat","background-position":"center center","background-size":"auto","background-attachment":"scroll","background-type":"","background-media":"","overlay-type":"","overlay-color":"","overlay-opacity":"","overlay-gradient":""},"mobile":{"background-color":"","background-image":"","background-repeat":"repeat","background-position":"center center","background-size":"auto","background-attachment":"scroll","background-type":"","background-media":"","overlay-type":"","overlay-color":"","overlay-opacity":"","overlay-gradient":""}},"ast-content-background-meta":{"desktop":{"background-color":"var(--ast-global-color-5)","background-image":"","background-repeat":"repeat","background-position":"center center","background-size":"auto","background-attachment":"scroll","background-type":"","background-media":"","overlay-type":"","overlay-color":"","overlay-opacity":"","overlay-gradient":""},"tablet":{"background-color":"var(--ast-global-color-5)","background-image":"","background-repeat":"repeat","background-position":"center center","background-size":"auto","background-attachment":"scroll","background-type":"","background-media":"","overlay-type":"","overlay-color":"","overlay-opacity":"","overlay-gradient":""},"mobile":{"background-color":"var(--ast-global-color-5)","background-image":"","background-repeat":"repeat","background-position":"center center","background-size":"auto","background-attachment":"scroll","background-type":"","background-media":"","overlay-type":"","overlay-color":"","overlay-opacity":"","overlay-gradient":""}}},"product_brand":[],"product_cat":[186,189,192,187],"product_tag":[],"coleccion":[183],"class_list":{"0":"post-2730","1":"product","2":"type-product","3":"status-publish","4":"has-post-thumbnail","6":"product_cat-hombre","7":"product_cat-media-cana-hombre","8":"product_cat-media-cana-mujer","9":"product_cat-mujer","10":"coleccion-old-school","11":"desktop-align-left","12":"tablet-align-left","13":"mobile-align-left","15":"first","16":"instock","17":"taxable","18":"shipping-taxable","19":"purchasable","20":"product-type-variable"},"_links":{"self":[{"href":"https:\/\/calcetinesmestizaje.com\/fr\/wp-json\/wp\/v2\/product\/2730","targetHints":{"allow":["GET"]}}],"collection":[{"href":"https:\/\/calcetinesmestizaje.com\/fr\/wp-json\/wp\/v2\/product"}],"about":[{"href":"https:\/\/calcetinesmestizaje.com\/fr\/wp-json\/wp\/v2\/types\/product"}],"version-history":[{"count":3,"href":"https:\/\/calcetinesmestizaje.com\/fr\/wp-json\/wp\/v2\/product\/2730\/revisions"}],"predecessor-version":[{"id":8447,"href":"https:\/\/calcetinesmestizaje.com\/fr\/wp-json\/wp\/v2\/product\/2730\/revisions\/8447"}],"wp:featuredmedia":[{"embeddable":true,"href":"https:\/\/calcetinesmestizaje.com\/fr\/wp-json\/wp\/v2\/media\/1810"}],"wp:attachment":[{"href":"https:\/\/calcetinesmestizaje.com\/fr\/wp-json\/wp\/v2\/media?parent=2730"}],"wp:term":[{"taxonomy":"product_brand","embeddable":true,"href":"https:\/\/calcetinesmestizaje.com\/fr\/wp-json\/wp\/v2\/product_brand?post=2730"},{"taxonomy":"product_cat","embeddable":true,"href":"https:\/\/calcetinesmestizaje.com\/fr\/wp-json\/wp\/v2\/product_cat?post=2730"},{"taxonomy":"product_tag","embeddable":true,"href":"https:\/\/calcetinesmestizaje.com\/fr\/wp-json\/wp\/v2\/product_tag?post=2730"},{"taxonomy":"coleccion","embeddable":true,"href":"https:\/\/calcetinesmestizaje.com\/fr\/wp-json\/wp\/v2\/coleccion?post=2730"}],"curies":[{"name":"wp","href":"https:\/\/api.w.org\/{rel}","templated":true}]}}