{"id":4592,"date":"2022-10-21T18:55:57","date_gmt":"2022-10-21T16:55:57","guid":{"rendered":"https:\/\/calcetinesmestizaje.com\/?post_type=product&#038;p=4592"},"modified":"2026-05-12T18:29:53","modified_gmt":"2026-05-12T16:29:53","slug":"lana-musgo","status":"publish","type":"product","link":"https:\/\/calcetinesmestizaje.com\/fr\/calcetines\/mousse-de-laine\/","title":{"rendered":"laine de mousse"},"content":{"rendered":"","protected":false},"excerpt":{"rendered":"<p>La finesse de la fibre la rend beaucoup plus agr\u00e9able \u00e0 la peau que les autres laines ; Nous vous le pr\u00e9sentons complet (lav\u00e9), pr\u00eat \u00e0 \u00eatre lav\u00e9 \u00e0 la machine \u00e0 laver. C&#039;est une mati\u00e8re utilis\u00e9e depuis des temps imm\u00e9moriaux pour tous types de v\u00eatements, de travail, de sport, etc.<\/p>\n<p>Un mat\u00e9riau qui utilise les conditions de la mode durable et qui aide \u00e0 p\u00e9renniser les m\u00e9tiers et les traditions, de l&#039;\u00e9levage d&#039;animaux \u00e0 l&#039;industrie qui l&#039;exige.<\/p>\n<hr \/>\n<p><strong>Caract\u00e9ristiques<\/strong><\/p>\n<p>- S\u00e9chage rapide<\/p>\n<p>\u2013 respirant<\/p>\n<p>\u2013 Effet antibact\u00e9rien<\/p>\n<p>\u2013 Ils vous gardent au chaud m\u00eame mouill\u00e9s<\/p>\n<p>\u2013 Il a un facteur de protection solaire naturel<\/p>\n<p>\u2013 C&#039;est une ressource naturelle renouvelable<\/p>\n<p>&nbsp;<\/p>\n<p>La composition des chaussettes est d&#039;un<strong> 80% de <\/strong><strong><b>il<\/b><\/strong><strong><b>Anne<\/b><\/strong><strong> Australien, 17% de polyamide et 3% de <\/strong><strong><b>il<\/b><\/strong><strong><b>icra..<\/b><\/strong><\/p>\n<p>&nbsp;<\/p>","protected":false},"featured_media":4567,"template":"","meta":{"site-sidebar-layout":"default","site-content-layout":"","ast-site-content-layout":"default","site-content-style":"default","site-sidebar-style":"default","ast-global-header-display":"","ast-banner-title-visibility":"","ast-main-header-display":"","ast-hfb-above-header-display":"","ast-hfb-below-header-display":"","ast-hfb-mobile-header-display":"","site-post-title":"","ast-breadcrumbs-content":"","ast-featured-img":"","footer-sml-layout":"","ast-disable-related-posts":"","theme-transparent-header-meta":"default","adv-header-id-meta":"","stick-header-meta":"","header-above-stick-meta":"","header-main-stick-meta":"","header-below-stick-meta":"","astra-migrate-meta-layouts":"set","ast-page-background-enabled":"default","ast-page-background-meta":{"desktop":{"background-color":"var(--ast-global-color-4)","background-image":"","background-repeat":"repeat","background-position":"center center","background-size":"auto","background-attachment":"scroll","background-type":"","background-media":"","overlay-type":"","overlay-color":"","overlay-opacity":"","overlay-gradient":""},"tablet":{"background-color":"","background-image":"","background-repeat":"repeat","background-position":"center center","background-size":"auto","background-attachment":"scroll","background-type":"","background-media":"","overlay-type":"","overlay-color":"","overlay-opacity":"","overlay-gradient":""},"mobile":{"background-color":"","background-image":"","background-repeat":"repeat","background-position":"center center","background-size":"auto","background-attachment":"scroll","background-type":"","background-media":"","overlay-type":"","overlay-color":"","overlay-opacity":"","overlay-gradient":""}},"ast-content-background-meta":{"desktop":{"background-color":"var(--ast-global-color-5)","background-image":"","background-repeat":"repeat","background-position":"center center","background-size":"auto","background-attachment":"scroll","background-type":"","background-media":"","overlay-type":"","overlay-color":"","overlay-opacity":"","overlay-gradient":""},"tablet":{"background-color":"var(--ast-global-color-5)","background-image":"","background-repeat":"repeat","background-position":"center center","background-size":"auto","background-attachment":"scroll","background-type":"","background-media":"","overlay-type":"","overlay-color":"","overlay-opacity":"","overlay-gradient":""},"mobile":{"background-color":"var(--ast-global-color-5)","background-image":"","background-repeat":"repeat","background-position":"center center","background-size":"auto","background-attachment":"scroll","background-type":"","background-media":"","overlay-type":"","overlay-color":"","overlay-opacity":"","overlay-gradient":""}}},"product_brand":[],"product_cat":[189,192],"product_tag":[],"coleccion":[185],"class_list":{"0":"post-4592","1":"product","2":"type-product","3":"status-publish","4":"has-post-thumbnail","6":"product_cat-media-cana-hombre","7":"product_cat-media-cana-mujer","8":"coleccion-invernales","9":"desktop-align-left","10":"tablet-align-left","11":"mobile-align-left","13":"first","14":"instock","15":"taxable","16":"shipping-taxable","17":"product-type-variable"},"_links":{"self":[{"href":"https:\/\/calcetinesmestizaje.com\/fr\/wp-json\/wp\/v2\/product\/4592","targetHints":{"allow":["GET"]}}],"collection":[{"href":"https:\/\/calcetinesmestizaje.com\/fr\/wp-json\/wp\/v2\/product"}],"about":[{"href":"https:\/\/calcetinesmestizaje.com\/fr\/wp-json\/wp\/v2\/types\/product"}],"version-history":[{"count":1,"href":"https:\/\/calcetinesmestizaje.com\/fr\/wp-json\/wp\/v2\/product\/4592\/revisions"}],"predecessor-version":[{"id":5635,"href":"https:\/\/calcetinesmestizaje.com\/fr\/wp-json\/wp\/v2\/product\/4592\/revisions\/5635"}],"wp:featuredmedia":[{"embeddable":true,"href":"https:\/\/calcetinesmestizaje.com\/fr\/wp-json\/wp\/v2\/media\/4567"}],"wp:attachment":[{"href":"https:\/\/calcetinesmestizaje.com\/fr\/wp-json\/wp\/v2\/media?parent=4592"}],"wp:term":[{"taxonomy":"product_brand","embeddable":true,"href":"https:\/\/calcetinesmestizaje.com\/fr\/wp-json\/wp\/v2\/product_brand?post=4592"},{"taxonomy":"product_cat","embeddable":true,"href":"https:\/\/calcetinesmestizaje.com\/fr\/wp-json\/wp\/v2\/product_cat?post=4592"},{"taxonomy":"product_tag","embeddable":true,"href":"https:\/\/calcetinesmestizaje.com\/fr\/wp-json\/wp\/v2\/product_tag?post=4592"},{"taxonomy":"coleccion","embeddable":true,"href":"https:\/\/calcetinesmestizaje.com\/fr\/wp-json\/wp\/v2\/coleccion?post=4592"}],"curies":[{"name":"wp","href":"https:\/\/api.w.org\/{rel}","templated":true}]}}