{"id":6953,"date":"2023-10-10T16:50:37","date_gmt":"2023-10-10T14:50:37","guid":{"rendered":"https:\/\/calcetinesmestizaje.com\/?post_type=product&#038;p=6953"},"modified":"2026-05-12T18:20:01","modified_gmt":"2026-05-12T16:20:01","slug":"lana-guirnalda-pino","status":"publish","type":"product","link":"https:\/\/calcetinesmestizaje.com\/fr\/calcetines\/lana-guirnalda-pino\/","title":{"rendered":"Lana Guirnalda Pino"},"content":{"rendered":"<p class=\"p1\">La finura de la fibra hace que sea mucho m\u00e1s agradable a la piel que las dem\u00e1s lanas; se lo presentamos abatanado (lavado), preparado para poderlo lavar en la lavadora. Es una materia usada desde <span class=\"s1\">tiempos inmemoriales para todo tipo de prendas sean de vestir, de trabajo, de deporte, etc.<\/span><\/p>\n<p class=\"p1\">Un mat\u00e9riau qui utilise les conditions de la mode durable et qui aide \u00e0 p\u00e9renniser les m\u00e9tiers et les traditions, de l&#039;\u00e9levage d&#039;animaux \u00e0 l&#039;industrie qui l&#039;exige.<\/p>\n<p class=\"p1\"><strong>Caract\u00e9ristiques<\/strong><\/p>\n<p class=\"p1\">\u2013 Secado r\u00e1pido<\/p>\n<p class=\"p1\">\u2013 Transpirable<\/p>\n<p class=\"p1\">\u2013 Efecto anti-bacteriano<\/p>\n<p class=\"p1\">\u2013 Mantienen el calor incluso estando mojados<\/p>\n<p class=\"p1\">\u2013 Cuenta con un factor de protecci\u00f3n solar natural<\/p>\n<p class=\"p1\">\u2013 Es un recurso natural renovable<\/p>\n<p class=\"p3\">La composici\u00f3n de los calcetines es de un 80% de lana Merina, 17% de poliamida y 3% de licra.<\/p>","protected":false},"excerpt":{"rendered":"<p>La finura de la fibra hace que sea mucho m\u00e1s agradable a la piel que las dem\u00e1s lanas; se lo presentamos abatanado (lavado), preparado para poderlo lavar en la lavadora. Es una materia usada desde tiempos inmemoriales para todo tipo de prendas sean de vestir, de trabajo, de deporte, etc. Material que recurre las condiciones [&hellip;]<\/p>","protected":false},"featured_media":6955,"template":"","meta":{"site-sidebar-layout":"default","site-content-layout":"","ast-site-content-layout":"default","site-content-style":"default","site-sidebar-style":"default","ast-global-header-display":"","ast-banner-title-visibility":"","ast-main-header-display":"","ast-hfb-above-header-display":"","ast-hfb-below-header-display":"","ast-hfb-mobile-header-display":"","site-post-title":"","ast-breadcrumbs-content":"","ast-featured-img":"","footer-sml-layout":"","ast-disable-related-posts":"","theme-transparent-header-meta":"default","adv-header-id-meta":"","stick-header-meta":"","header-above-stick-meta":"","header-main-stick-meta":"","header-below-stick-meta":"","astra-migrate-meta-layouts":"set","ast-page-background-enabled":"default","ast-page-background-meta":{"desktop":{"background-color":"var(--ast-global-color-4)","background-image":"","background-repeat":"repeat","background-position":"center center","background-size":"auto","background-attachment":"scroll","background-type":"","background-media":"","overlay-type":"","overlay-color":"","overlay-opacity":"","overlay-gradient":""},"tablet":{"background-color":"","background-image":"","background-repeat":"repeat","background-position":"center center","background-size":"auto","background-attachment":"scroll","background-type":"","background-media":"","overlay-type":"","overlay-color":"","overlay-opacity":"","overlay-gradient":""},"mobile":{"background-color":"","background-image":"","background-repeat":"repeat","background-position":"center center","background-size":"auto","background-attachment":"scroll","background-type":"","background-media":"","overlay-type":"","overlay-color":"","overlay-opacity":"","overlay-gradient":""}},"ast-content-background-meta":{"desktop":{"background-color":"var(--ast-global-color-5)","background-image":"","background-repeat":"repeat","background-position":"center center","background-size":"auto","background-attachment":"scroll","background-type":"","background-media":"","overlay-type":"","overlay-color":"","overlay-opacity":"","overlay-gradient":""},"tablet":{"background-color":"var(--ast-global-color-5)","background-image":"","background-repeat":"repeat","background-position":"center center","background-size":"auto","background-attachment":"scroll","background-type":"","background-media":"","overlay-type":"","overlay-color":"","overlay-opacity":"","overlay-gradient":""},"mobile":{"background-color":"var(--ast-global-color-5)","background-image":"","background-repeat":"repeat","background-position":"center center","background-size":"auto","background-attachment":"scroll","background-type":"","background-media":"","overlay-type":"","overlay-color":"","overlay-opacity":"","overlay-gradient":""}}},"product_brand":[],"product_cat":[192,187],"product_tag":[],"coleccion":[185],"class_list":{"0":"post-6953","1":"product","2":"type-product","3":"status-publish","4":"has-post-thumbnail","6":"product_cat-media-cana-mujer","7":"product_cat-mujer","8":"coleccion-invernales","9":"desktop-align-left","10":"tablet-align-left","11":"mobile-align-left","13":"first","14":"instock","15":"taxable","16":"shipping-taxable","17":"product-type-variable","18":"has-default-attributes"},"_links":{"self":[{"href":"https:\/\/calcetinesmestizaje.com\/fr\/wp-json\/wp\/v2\/product\/6953","targetHints":{"allow":["GET"]}}],"collection":[{"href":"https:\/\/calcetinesmestizaje.com\/fr\/wp-json\/wp\/v2\/product"}],"about":[{"href":"https:\/\/calcetinesmestizaje.com\/fr\/wp-json\/wp\/v2\/types\/product"}],"version-history":[{"count":3,"href":"https:\/\/calcetinesmestizaje.com\/fr\/wp-json\/wp\/v2\/product\/6953\/revisions"}],"predecessor-version":[{"id":8277,"href":"https:\/\/calcetinesmestizaje.com\/fr\/wp-json\/wp\/v2\/product\/6953\/revisions\/8277"}],"wp:featuredmedia":[{"embeddable":true,"href":"https:\/\/calcetinesmestizaje.com\/fr\/wp-json\/wp\/v2\/media\/6955"}],"wp:attachment":[{"href":"https:\/\/calcetinesmestizaje.com\/fr\/wp-json\/wp\/v2\/media?parent=6953"}],"wp:term":[{"taxonomy":"product_brand","embeddable":true,"href":"https:\/\/calcetinesmestizaje.com\/fr\/wp-json\/wp\/v2\/product_brand?post=6953"},{"taxonomy":"product_cat","embeddable":true,"href":"https:\/\/calcetinesmestizaje.com\/fr\/wp-json\/wp\/v2\/product_cat?post=6953"},{"taxonomy":"product_tag","embeddable":true,"href":"https:\/\/calcetinesmestizaje.com\/fr\/wp-json\/wp\/v2\/product_tag?post=6953"},{"taxonomy":"coleccion","embeddable":true,"href":"https:\/\/calcetinesmestizaje.com\/fr\/wp-json\/wp\/v2\/coleccion?post=6953"}],"curies":[{"name":"wp","href":"https:\/\/api.w.org\/{rel}","templated":true}]}}