{"id":8793,"date":"2025-04-02T13:23:16","date_gmt":"2025-04-02T11:23:16","guid":{"rendered":"https:\/\/calcetinesmestizaje.com\/?post_type=product&#038;p=8793"},"modified":"2026-04-16T11:29:32","modified_gmt":"2026-04-16T09:29:32","slug":"calcetin-polar-termico-pack-de-3-ud","status":"publish","type":"product","link":"https:\/\/calcetinesmestizaje.com\/fr\/calcetines\/calcetin-polar-termico-pack-de-3-ud\/","title":{"rendered":"Calcet\u00edn Polar T\u00e9rmico (Pack de 3 ud)"},"content":{"rendered":"<p>Calcet\u00edn T\u00e9rmico Trekking de Pradoluengo \u00a0\u2013 Pack de 3 unidades.<\/p>","protected":false},"excerpt":{"rendered":"<p>&nbsp;<\/p>\n<p><strong>Caract\u00e9ristiques<\/strong><\/p>\n<p>Los calcetines t\u00e9rmicos largos para caza, pesca y monta\u00f1a de Pradoluengo son ideales para cualquier actividad al aire libre.<\/p>\n<p>Son perfectos para caminar, correr, escalar, acampar y pescar.<\/p>\n<p>La composition des chaussettes est d&#039;un <strong>90% de acr\u00edlico<\/strong>, un <strong>5% de elastano<\/strong> y un <strong>5% de poliamida<\/strong>.<\/p>","protected":false},"featured_media":8796,"template":"","meta":{"site-sidebar-layout":"default","site-content-layout":"","ast-site-content-layout":"default","site-content-style":"default","site-sidebar-style":"default","ast-global-header-display":"","ast-banner-title-visibility":"","ast-main-header-display":"","ast-hfb-above-header-display":"","ast-hfb-below-header-display":"","ast-hfb-mobile-header-display":"","site-post-title":"","ast-breadcrumbs-content":"","ast-featured-img":"","footer-sml-layout":"","ast-disable-related-posts":"","theme-transparent-header-meta":"default","adv-header-id-meta":"","stick-header-meta":"","header-above-stick-meta":"","header-main-stick-meta":"","header-below-stick-meta":"","astra-migrate-meta-layouts":"set","ast-page-background-enabled":"default","ast-page-background-meta":{"desktop":{"background-color":"var(--ast-global-color-4)","background-image":"","background-repeat":"repeat","background-position":"center center","background-size":"auto","background-attachment":"scroll","background-type":"","background-media":"","overlay-type":"","overlay-color":"","overlay-opacity":"","overlay-gradient":""},"tablet":{"background-color":"","background-image":"","background-repeat":"repeat","background-position":"center center","background-size":"auto","background-attachment":"scroll","background-type":"","background-media":"","overlay-type":"","overlay-color":"","overlay-opacity":"","overlay-gradient":""},"mobile":{"background-color":"","background-image":"","background-repeat":"repeat","background-position":"center center","background-size":"auto","background-attachment":"scroll","background-type":"","background-media":"","overlay-type":"","overlay-color":"","overlay-opacity":"","overlay-gradient":""}},"ast-content-background-meta":{"desktop":{"background-color":"var(--ast-global-color-5)","background-image":"","background-repeat":"repeat","background-position":"center center","background-size":"auto","background-attachment":"scroll","background-type":"","background-media":"","overlay-type":"","overlay-color":"","overlay-opacity":"","overlay-gradient":""},"tablet":{"background-color":"var(--ast-global-color-5)","background-image":"","background-repeat":"repeat","background-position":"center center","background-size":"auto","background-attachment":"scroll","background-type":"","background-media":"","overlay-type":"","overlay-color":"","overlay-opacity":"","overlay-gradient":""},"mobile":{"background-color":"var(--ast-global-color-5)","background-image":"","background-repeat":"repeat","background-position":"center center","background-size":"auto","background-attachment":"scroll","background-type":"","background-media":"","overlay-type":"","overlay-color":"","overlay-opacity":"","overlay-gradient":""}}},"product_brand":[],"product_cat":[192,187],"product_tag":[],"coleccion":[197],"class_list":{"0":"post-8793","1":"product","2":"type-product","3":"status-publish","4":"has-post-thumbnail","6":"product_cat-media-cana-mujer","7":"product_cat-mujer","8":"coleccion-deporte-montana","9":"desktop-align-left","10":"tablet-align-left","11":"mobile-align-left","13":"first","14":"instock","15":"taxable","16":"shipping-taxable","17":"purchasable","18":"product-type-variable"},"_links":{"self":[{"href":"https:\/\/calcetinesmestizaje.com\/fr\/wp-json\/wp\/v2\/product\/8793","targetHints":{"allow":["GET"]}}],"collection":[{"href":"https:\/\/calcetinesmestizaje.com\/fr\/wp-json\/wp\/v2\/product"}],"about":[{"href":"https:\/\/calcetinesmestizaje.com\/fr\/wp-json\/wp\/v2\/types\/product"}],"version-history":[{"count":1,"href":"https:\/\/calcetinesmestizaje.com\/fr\/wp-json\/wp\/v2\/product\/8793\/revisions"}],"predecessor-version":[{"id":8797,"href":"https:\/\/calcetinesmestizaje.com\/fr\/wp-json\/wp\/v2\/product\/8793\/revisions\/8797"}],"wp:featuredmedia":[{"embeddable":true,"href":"https:\/\/calcetinesmestizaje.com\/fr\/wp-json\/wp\/v2\/media\/8796"}],"wp:attachment":[{"href":"https:\/\/calcetinesmestizaje.com\/fr\/wp-json\/wp\/v2\/media?parent=8793"}],"wp:term":[{"taxonomy":"product_brand","embeddable":true,"href":"https:\/\/calcetinesmestizaje.com\/fr\/wp-json\/wp\/v2\/product_brand?post=8793"},{"taxonomy":"product_cat","embeddable":true,"href":"https:\/\/calcetinesmestizaje.com\/fr\/wp-json\/wp\/v2\/product_cat?post=8793"},{"taxonomy":"product_tag","embeddable":true,"href":"https:\/\/calcetinesmestizaje.com\/fr\/wp-json\/wp\/v2\/product_tag?post=8793"},{"taxonomy":"coleccion","embeddable":true,"href":"https:\/\/calcetinesmestizaje.com\/fr\/wp-json\/wp\/v2\/coleccion?post=8793"}],"curies":[{"name":"wp","href":"https:\/\/api.w.org\/{rel}","templated":true}]}}